{"id":194,"date":"2023-07-31T18:04:19","date_gmt":"2023-07-31T16:04:19","guid":{"rendered":"https:\/\/www.imgenesi.com\/?page_id=194"},"modified":"2023-08-01T10:09:15","modified_gmt":"2023-08-01T08:09:15","slug":"conditions-generales-clauses","status":"publish","type":"page","link":"https:\/\/www.imgenesi.com\/fr\/conditions-generales-clauses\/","title":{"rendered":"Conditions g\u00e9n\u00e9rales (CG) &#8211; Clauses"},"content":{"rendered":"\n<p><strong>1. CONDITIONS G\u00c9N\u00c9RALES DU CONTRAT (CDC)<\/strong><\/p>\n\n\n\n<div class=\"wp-block-group\"><div class=\"wp-block-group__inner-container is-layout-constrained wp-block-group-is-layout-constrained\">\n<div class=\"wp-block-group\"><div class=\"wp-block-group__inner-container is-layout-constrained wp-block-group-is-layout-constrained\">\n<p>1.1. Ces CDC r\u00e9glementent la relation entre la personne qui a demand\u00e9 la cr\u00e9ation d&rsquo;un site Web (\u00ab\u00a0le Client\u00a0\u00bb) et l&rsquo;utilisation de tout service auxiliaire suppl\u00e9mentaire via \u00ab\u00a0IM* Genesi\u00a0\u00bb (\u00ab\u00a0la Plateforme\u00a0\u00bb) et IM*MEDIA S.r.l. (\u00ab\u00a0l&rsquo;Agence\u00a0\u00bb), code fiscal et num\u00e9ro de TVA 04286410826, qui est bas\u00e9 en Italie, Palerme, Via Antonio Gagini n. 59, code postal 90133 (email : info@immedia.net ; email certifi\u00e9 : immedia@pec.immedia.net).<\/p>\n\n\n\n<p>1.2. Les CDC font partie int\u00e9grante du contrat, sont applicables \u00e0 l&rsquo;ensemble de la relation et ne peuvent \u00eatre d\u00e9rog\u00e9s que par un acte \u00e9crit portant la signature du repr\u00e9sentant l\u00e9gal de l&rsquo;Agence.<\/p>\n\n\n\n<p>1.3. \u00ab\u00a0IM* Genesi\u00a0\u00bb est un service r\u00e9serv\u00e9 aux clients professionnels, en approuvant le Bon de Commande le Client d\u00e9clare qu&rsquo;il n&rsquo;est pas un consommateur.<\/p>\n\n\n\n<p>1.4. Ces CDC peuvent \u00eatre modifi\u00e9es unilat\u00e9ralement par l&rsquo;Agence, qui communiquera par \u00e9crit les variations intervenues et elles seront applicables \u00e0 la relation, dans le cas o\u00f9 les variations seraient d\u00e9favorables au Client, ce dernier aura le droit de se retirer du contrat dans les 15 jours \u00e0 compter de la communication.<\/p>\n<\/div><\/div>\n\n\n\n<p><strong>2. CONCLUSION DU CONTRAT POUR LA CR\u00c9ATION DU SITE &#8211; LIVRAISON DES MAT\u00c9RIELS<\/strong><\/p>\n\n\n\n<p>2.1. Le Client, s&rsquo;\u00e9tant inscrit sur le site \u00ab IM* Genesi \u00bb, s\u00e9lectionnera les caract\u00e9ristiques du site qu&rsquo;il demande \u00e0 cr\u00e9er et les services annexes qu&rsquo;il compte utiliser, visualisera une page r\u00e9capitulative avec indication de la contrepartie et indiquera le paiement les donn\u00e9es acc\u00e9deront donc au bon de commande, qu&rsquo;il pourra approuver avec ces CDC, gr\u00e2ce aux codes qu&rsquo;il recevra par t\u00e9l\u00e9phone saisi (token SMS), enfin, en cliquant sur \u00ab\u00a0acheter\u00a0\u00bb, il acceptera le d\u00e9bit du montant indiqu\u00e9 au point 3.1.<\/p>\n\n\n\n<p>2.2. Dans le m\u00eame temps, l&rsquo;Agence enverra le r\u00e9capitulatif de la commande accept\u00e9e \u00e0 l&rsquo;adresse e-mail indiqu\u00e9e par le Client. \u00c0 partir de cette date, le contrat est consid\u00e9r\u00e9 comme conclu \u00e0 toutes fins utiles. Par la suite, l&rsquo;Agence contactera le Client pour convenir des d\u00e9lais et modalit\u00e9s de livraison des Mat\u00e9riels (informations sur l&rsquo;entreprise et l&rsquo;activit\u00e9, images, textes, contenus audio, vid\u00e9o ou autres) qui doivent \u00eatre ins\u00e9r\u00e9s sur le site. La livraison des Mat\u00e9riels dans les d\u00e9lais et selon les modalit\u00e9s indiqu\u00e9s par l&rsquo;Agence constitue une obligation pour le Client, \u00e0 d\u00e9faut d&rsquo;ex\u00e9cution l&rsquo;Agence ne pourra cr\u00e9er le site et retiendra les sommes vers\u00e9es \u00e0 titre de p\u00e9nalit\u00e9 conventionnelle.<\/p>\n\n\n\n<p>2.3. Le Client s&rsquo;engage \u00e0 acqu\u00e9rir les droits d&rsquo;utilisation des Mat\u00e9riels fournis et les autorisations n\u00e9cessaires \u00e0 leur diffusion ; il s&rsquo;engage \u00e9galement \u00e0 fournir des \u00e9l\u00e9ments qui peuvent \u00eatre l\u00e9galement diffus\u00e9s&nbsp;; qui ne sont pas contraires aux dispositions l\u00e9gales ou aux droits des tiers&nbsp;; qui ne soient pas obsc\u00e8nes, offensants, diffamatoires ou, en tout cas, de nature \u00e0 porter pr\u00e9judice \u00e0 des tiers. Le Client reconna\u00eet et accepte que la disponibilit\u00e9 du site et des services puisse \u00eatre interrompue en cas de violation des r\u00e8gles d&rsquo;utilisation du service fourni par le fournisseur ou de violation des lois p\u00e9nales. Toutefois, toute v\u00e9rification par l&rsquo;Agence reste exclue, qui, si elle a connaissance de la publication de tout contenu contrevenant \u00e0 l&rsquo;interdiction, se r\u00e9serve le droit de les supprimer, sans pr\u00e9avis et aux frais du Client. Ce dernier, pour sa part, s&rsquo;engage \u00e0 indemniser l&rsquo;Agence et \u00e0 la tenir indemne de tout dommage ou r\u00e9clamation d\u00e9coulant de l&rsquo;utilisation des Mat\u00e9riels fournis par elle et d\u00e9gage l&rsquo;Agence de toute responsabilit\u00e9 d\u00e9coulant de l&rsquo;interruption des services ou du retrait des Mat\u00e9riels. .<\/p>\n\n\n\n<p>2.4. Les droits de propri\u00e9t\u00e9 intellectuelle des mod\u00e8les pr\u00e9sent\u00e9s sur \u00ab IM* Genesi \u00bb et du site cr\u00e9\u00e9 pour le Client appartiennent \u00e0 l&rsquo;Agence et ne sont pas c\u00e9d\u00e9s au Client qui est autoris\u00e9 \u00e0 les utiliser conform\u00e9ment aux dispositions du Bon de Commande, via non exclusif et non transf\u00e9rable, pour la dur\u00e9e du contrat.<\/p>\n\n\n\n<p>2.5. Le Client accepte que le logo et le nom de la plateforme soient indiqu\u00e9s sur le site avec le lien correspondant.<\/p>\n\n\n\n<p><strong>3. APPROBATION DU SITE &#8211; RETRAIT &#8211; RENOUVELLEMENT<\/strong><\/p>\n\n\n\n<p>3.1. Au moment du Bon de Commande, l&rsquo;Agence d\u00e9bitera sur la carte du Client uniquement la redevance unique de 199,00 CFH + TVA dans le cas d&rsquo;un site vitrine ou 299,00 CFH + TVA dans le cas d&rsquo;un site internet avec e-commerce. Dans les 30 jours suivant l&rsquo;envoi des Mat\u00e9riels, l&rsquo;Agence cr\u00e9era le site avec les caract\u00e9ristiques choisies par le Client et le contactera pour le lui pr\u00e9senter. Ce d\u00e9lai doit \u00eatre consid\u00e9r\u00e9 comme purement indicatif et, en tout \u00e9tat de cause, non essentiel dans l&rsquo;int\u00e9r\u00eat des parties.<\/p>\n\n\n\n<p>3.2. A d\u00e9faut d&rsquo;approbation du site par le Client, l&rsquo;Agence ne conservera que la somme initialement vers\u00e9e, en contrepartie de la r\u00e9tractation, et le site ne sera ni publi\u00e9 ni livr\u00e9, l&rsquo;Agence \u00e9tant en droit de l&rsquo;annuler imm\u00e9diatement.<\/p>\n\n\n\n<p>3.3. Dans le cas o\u00f9 le Client approuve le site, celui-ci sera publi\u00e9 sur internet sans restriction d&rsquo;acc\u00e8s, le solde de la contrepartie sera factur\u00e9 et les prestations objet du Bon de Commande seront fournies pendant une dur\u00e9e de 12 mois \u00e0 compter du jour de parution. Avec l&rsquo;approbation, le site est consid\u00e9r\u00e9 comme accept\u00e9 et test\u00e9 \u00e0 toutes fins utiles, avec la cessation cons\u00e9quente de la responsabilit\u00e9 de l&rsquo;Agence pour les d\u00e9fauts et d\u00e9fauts qui auraient pu \u00eatre d\u00e9tect\u00e9s avec une diligence ordinaire. Aux fins d&rsquo;activation de la garantie des vices cach\u00e9s, ceux-ci doivent \u00eatre reproductibles et signal\u00e9s dans les cinq jours suivant leur d\u00e9couverte et les dix jours suivant la livraison. Toute responsabilit\u00e9 de l&rsquo;Agence est exclue en ce qui concerne le temps entre le moment o\u00f9 elle publie le site et le moment o\u00f9 il devient utilisable par le public.<\/p>\n\n\n\n<p>3.4. Toutes demandes de modifications et compl\u00e9ments du site qui ne seraient pas r\u00e9alisables de mani\u00e8re autonome par le Client ne sont pas autoris\u00e9es et pourront faire l&rsquo;objet d&rsquo;\u00e9ventuels accords s\u00e9par\u00e9s entre les parties, l&rsquo;Agence se r\u00e9servant toute appr\u00e9ciation \u00e0 cet \u00e9gard.<\/p>\n\n\n\n<p>3.5. A l&rsquo;issue de la p\u00e9riode de 12 mois mentionn\u00e9e ci-dessus, le contrat est r\u00e9put\u00e9 reconduit tacitement pour des p\u00e9riodes d&rsquo;\u00e9gale dur\u00e9e, sauf d\u00e9nonciation \u00e9crite par l&rsquo;une des parties dans les quatre-vingt-dix jours pr\u00e9c\u00e9dant l&rsquo;expiration.<\/p>\n\n\n\n<p>3.6. A la fin du contrat, le Client ne pourra plus acc\u00e9der au site et \u00e0 l&rsquo;ensemble de son contenu, y compris les donn\u00e9es des utilisateurs du site, qui seront totalement supprim\u00e9es. Le Client est seul responsable de la sauvegarde de ces donn\u00e9es, qui doit \u00eatre effectu\u00e9e avant la r\u00e9siliation du contrat, \u00e0 l&rsquo;exclusion de tout frais ou responsabilit\u00e9 de la part de l&rsquo;Agence.<\/p>\n\n\n\n<p>3.7. Dans tous les cas, tous les droits sur le site et sur chacun de ses composants individuels appartiennent \u00e0 l&rsquo;Agence, qui sont conc\u00e9d\u00e9s au Client pour la seule dur\u00e9e du contrat et ne peuvent \u00eatre utilis\u00e9s apr\u00e8s la fin de la relation, en conservant au Client les droits qui lui sont dus sur les seuls Mat\u00e9riels livr\u00e9s par elle.<\/p>\n\n\n\n<p>3.8. La cession du pr\u00e9sent contrat et de l&#8217;emplacement n&rsquo;est autoris\u00e9e qu&rsquo;\u00e0 l&rsquo;Agence qui en informera le Client.<\/p>\n\n\n\n<p><strong>4. ENREGISTREMENT DU NOM DE DOMAINE<\/strong><\/p>\n\n\n\n<p>4.1. Si n\u00e9cessaire, l&rsquo;Agence enregistre un ou plusieurs domaines pour le site du client aupr\u00e8s de son fournisseur de services d&rsquo;enregistrement (\u00ab\u00a0Registrar\u00a0\u00bb). L&rsquo;Agence ne peut garantir la disponibilit\u00e9 des domaines indiqu\u00e9s par le Client tant qu&rsquo;il n&rsquo;a pas proc\u00e9d\u00e9 \u00e0 l&rsquo;enregistrement, apr\u00e8s l&rsquo;approbation du site et au moment de la publication. Si le Client ne veut pas courir le risque que le domaine ne soit pas disponible \u00e0 ce moment, il devra l&rsquo;enregistrer lui-m\u00eame.<\/p>\n\n\n\n<p>4.2 Dans tous les cas o\u00f9 le Client souhaite utiliser un domaine enregistr\u00e9 dont il est d\u00e9j\u00e0 propri\u00e9taire, il doit le mettre \u00e0 la disposition de l&rsquo;Agence dans le d\u00e9lai indiqu\u00e9 par cette derni\u00e8re, accompagn\u00e9 de ce qui est n\u00e9cessaire pour transf\u00e9rer le domaine \u00e0 son Registrar. Une fois le d\u00e9lai indiqu\u00e9 \u00e9coul\u00e9, l&rsquo;Agence pourra enregistrer un domaine d\u00e9termin\u00e9 \u00e0 sa discr\u00e9tion au nom du client.<\/p>\n\n\n\n<p>4.3. \u00c0 la date de r\u00e9siliation du contrat, le Client doit indiquer \u00e0 l&rsquo;Agence \u00e0 quel Registrar transf\u00e9rer le domaine pour une utilisation ult\u00e9rieure. Une fois le d\u00e9lai susmentionn\u00e9 \u00e9coul\u00e9, l&rsquo;Agence ne sera plus tenue de renouveler l&rsquo;enregistrement et le domaine pourra \u00eatre annul\u00e9 et \u00e9ventuellement achet\u00e9 \u00e0 des tiers.<\/p>\n\n\n\n<p>4.3. Le transfert du domaine vers un autre Registrar n&rsquo;est pas autoris\u00e9 au Client, sauf \u00e0 la fin de la relation contractuelle.<\/p>\n\n\n\n<p><strong>5. SERVICES SUPPL\u00c9MENTAIRES &#8211; CONFIDENTIALIT\u00c9<\/strong><\/p>\n\n\n\n<p>5.1. L&rsquo;Agence, pour offrir certains services annexes qu&rsquo;elle ne peut fournir directement (ex : enregistrement et renouvellement de domaines internet ; h\u00e9bergement ; serveurs et connectivit\u00e9 internet ; services de paiement), fait appel \u00e0 des services rendus par des prestataires tiers, qu&rsquo;elle s\u00e9lectionne ind\u00e9pendamment et exclusivement et peuvent faire l&rsquo;objet de modifications au cours de la relation. En cas de modification des prix des prestations, l&rsquo;Agence en informera le Client conform\u00e9ment au point 1.4.<\/p>\n\n\n\n<p>5.2. Dans le cas de sites Internet disposant d&rsquo;un e-commerce, les paiements seront g\u00e9r\u00e9s par la plateforme Paypal, dont les conditions d&rsquo;utilisation sont consultables sur le site du marchand.<\/p>\n\n\n\n<p>5.3. Dans l&rsquo;ex\u00e9cution des services de positionnement sur les moteurs de recherche (SEO), de migration de sites Web, de conseil, de cr\u00e9ation de logo et de Brand Book, l&rsquo;Agence op\u00e8re de mani\u00e8re ind\u00e9pendante. La nature m\u00eame de ces services emp\u00eache l&rsquo;Agence d&rsquo;assumer des obligations de r\u00e9sultat \u00e0 leur \u00e9gard. Le Client accepte donc que la non-r\u00e9alisation d&rsquo;un certain objectif ne puisse \u00eatre consid\u00e9r\u00e9e comme imputable \u00e0 l&rsquo;Agence et n&rsquo;exon\u00e8re pas le Client de l&rsquo;obligation de payer les honoraires convenus.<\/p>\n\n\n\n<p>5.4. Laddove il sito consenta la registrazione di utenti e la realizzazione di banche dati, queste rimarranno di esclusiva propriet\u00e0 del Cliente, il quale si obbliga a rispettare le prescrizioni in materia di privacy quale unico titolare e a fornire all\u2019Agenzia e\/o ai terzi indicati al punto 5.1. le autorizzazioni ed informative pertinenti.<\/p>\n\n\n\n<p>5.5.&nbsp; Ove occorra, il Cliente si impegna a conferire all\u2019Agenzia e ai terzi indicati al punto 5.1. l\u2019incarico di responsabile del trattamento ai sensi della normativa in materia di privacy del luogo ove ha sede l\u2019attivit\u00e0 e dell\u2019UE. Qualora la nomina diretta dei terzi da parte del Cliente non sia praticabile l\u2019Agenzia li nominer\u00e0 responsabili, essendone autorizzata dal Cliente con l\u2019accettazione del presente Contratto.&nbsp;<\/p>\n\n\n\n<p><strong>6. PAIEMENTS<\/strong><\/p>\n\n\n\n<p>6.1. Les redevances sont dues \u00e0 l&rsquo;Agence lors de l&rsquo;envoi du Bon de Commande et lors de la validation du site, ainsi qu&rsquo;\u00e0 chaque renouvellement annuel et demande de nouveau service, en une seule solution ou p\u00e9riodiquement, si un \u00e9chelonnement est convenu.<\/p>\n\n\n\n<p>6.2. Les d\u00e9lais de paiement sont \u00e0 consid\u00e9rer comme indispensables dans l&rsquo;int\u00e9r\u00eat de l&rsquo;Agence et, dans le cas o\u00f9 l&rsquo;inex\u00e9cution perdurerait plus de sept jours, une majoration de 5% sera due sur le montant encore d\u00fb, \u00e0 titre de p\u00e9nalit\u00e9 conventionnelle. Pass\u00e9 ce d\u00e9lai, l&rsquo;Agence est \u00e9galement autoris\u00e9e \u00e0 bloquer l&rsquo;acc\u00e8s au site et \u00e0 suspendre l&rsquo;ex\u00e9cution de toutes prestations et prestations \u00e0 ses frais. Dans ce cas, le client ne pourra pr\u00e9tendre \u00e0 aucune r\u00e9duction ou remboursement des frais relatifs \u00e0 la p\u00e9riode pendant laquelle l&rsquo;Agence a bloqu\u00e9 le site et suspendu l&rsquo;ex\u00e9cution des prestations \u00e0 sa charge. En outre, l&rsquo;Agence peut facturer au Client des frais de r\u00e9activation, \u00e9gaux \u00e0 CHF 100.00 + TVA.<\/p>\n\n\n\n<p>6.3. Si l&rsquo;inex\u00e9cution totale ou partielle par le Client se prolonge pendant plus de quinze jours, le contrat sera r\u00e9sili\u00e9 et la r\u00e9siliation interviendra de plein droit d\u00e8s que l&rsquo;Agence aura inform\u00e9 le Client de sa volont\u00e9 de faire usage de la pr\u00e9sente clause. En cas de r\u00e9siliation, le Client sera d\u00e9bit\u00e9 des sommes dues jusqu&rsquo;\u00e0 l&rsquo;\u00e9ch\u00e9ance contractuelle et ce \u00e0 titre de p\u00e9nalit\u00e9 conventionnelle, sauf pr\u00e9judice plus important.<\/p>\n\n\n\n<p><strong>7. LIMITES DE RESPONSABILIT\u00c9<\/strong><\/p>\n\n\n\n<p>7.1. Toute responsabilit\u00e9 de l&rsquo;Agence, y compris les indemnit\u00e9s ou p\u00e9nalit\u00e9s, r\u00e9sultant de&nbsp;: a) la perte de donn\u00e9es et\/ou de fonctionnalit\u00e9s r\u00e9sultant du changement de bureau d&rsquo;enregistrement et\/ou du transfert de donn\u00e9es de l&rsquo;ancien h\u00e9bergeur et\/ou fournisseur de base de donn\u00e9es des employ\u00e9s est exclue de incompl\u00e9tude des informations fournies par le Client lors de la demande ; b) des erreurs contenues dans les donn\u00e9es communiqu\u00e9es par le Client aux fins d&rsquo;enregistrement de noms de domaine ; c) les dommages cons\u00e9cutifs aux d\u00e9fauts ou aux employ\u00e9s de l&rsquo;utilisation ou de la non-utilisation des services, ou consistant en une perte d&rsquo;opportunit\u00e9s commerciales ou d&rsquo;\u00e9conomies, une atteinte \u00e0 l&rsquo;image ou une perte de r\u00e9putation commerciale&nbsp;; d) dommages-int\u00e9r\u00eats punitifs, astreintes, mesures indirectes de coercition.<\/p>\n\n\n\n<p>7.2. En outre, l&rsquo;Agence n&rsquo;est pas responsable de la conformit\u00e9 du Site aux dispositions l\u00e9gales, r\u00e9glementaires, interpr\u00e9tatives post\u00e9rieures \u00e0 la date du Bon de Commande, ni tenue d&rsquo;y adapter le site en l&rsquo;absence de demande explicite du Client.<\/p>\n\n\n\n<p>7.3. La responsabilit\u00e9 de l&rsquo;Agence, y compris les indemnit\u00e9s ou p\u00e9nalit\u00e9s, est en tout \u00e9tat de cause limit\u00e9e \u00e0 un montant maximum \u00e9gal aux honoraires dus par le Client et est exclue pour les dommages d\u00e9coulant du manque \u00e0 gagner, de la non conclusion des contrats, de la perte de chances et d&rsquo;activit\u00e9s commerciales, des interruptions d&rsquo;affaires.<\/p>\n\n\n\n<p><strong>DES DISPUTES<\/strong><\/p>\n\n\n\n<p>8.1. Le contrat est cens\u00e9 \u00eatre conclu en Italie, o\u00f9 l&rsquo;Agence est bas\u00e9e et o\u00f9 le service \u00e0 ses frais est ex\u00e9cut\u00e9, et est r\u00e9gi par la loi italienne.<\/p>\n\n\n\n<p>8.2. Lorsque le contrat, pour faciliter la lecture, est \u00e9galement r\u00e9dig\u00e9 dans des langues autres que l&rsquo;italien, les parties conviennent que seule la version r\u00e9dig\u00e9e et sign\u00e9e en italien sera juridiquement contraignante entre elles. Toute invalidit\u00e9 de clauses individuelles de ce contrat n&rsquo;aura aucun effet sur les clauses restantes, qui resteront inchang\u00e9es.<\/p>\n\n\n\n<p>8.3. Tout litige concernant l&rsquo;interpr\u00e9tation et l&rsquo;ex\u00e9cution du Contrat sera de la comp\u00e9tence exclusive du Tribunal de Palerme.<\/p>\n\n\n\n<p>8.4. Sans pr\u00e9judice de la possibilit\u00e9 pour l&rsquo;Agence de demander des injonctions de paiement au lieu o\u00f9 le Client a son si\u00e8ge social ou un \u00e9tablissement disposant d&rsquo;un mandataire habilit\u00e9 \u00e0 ester en justice.<\/p>\n<\/div><\/div>\n\n\n\n<p id=\"clausole\"><strong>SONT SP\u00c9CIFIQUEMENT APPROUV\u00c9S, CONFORM\u00c9MENT AUX ARTS. 1341 et 1342 du Code civil italien LES CONDITIONS SUIVANTES&nbsp;:<\/strong><\/p>\n\n\n\n<p>Cahier des charges g\u00e9n\u00e9ral (CDC) : 1.3. ; 1.4.&nbsp;;<br>Conclusion du contrat de chantier &#8211; livraison des mat\u00e9riaux : 2.3. ; 2.4.&nbsp;;<br>Agr\u00e9ment de chantier &#8211; retrait &#8211; renouvellement : 3.3. ; 3.5.&nbsp;; 3.6.&nbsp;; 3.7.&nbsp;; 3,8&nbsp;;<br>Enregistrement de nom de domaine&nbsp;: 4.1&nbsp;;<br>Prestations annexes : 5.1. ; 5.3.&nbsp;;<br>Paiements&nbsp;: 6.2.&nbsp;; 6.3.&nbsp;;<br>Limitations de responsabilit\u00e9&nbsp;: 7.1&nbsp;; 7.2&nbsp;; 7.3&nbsp;;<br>Litiges&nbsp;: 8.1&nbsp;; 8.3.<\/p>\n","protected":false},"excerpt":{"rendered":"<p>1. CONDITIONS G\u00c9N\u00c9RALES DU CONTRAT (CDC) 1.1. Ces CDC r\u00e9glementent la relation entre la personne qui a demand\u00e9 la cr\u00e9ation [&hellip;]<\/p>\n","protected":false},"author":1,"featured_media":0,"parent":0,"menu_order":0,"comment_status":"closed","ping_status":"closed","template":"tpl.page.privacy.php","meta":{"_acf_changed":false,"footnotes":""},"class_list":["post-194","page","type-page","status-publish","hentry"],"acf":[],"yoast_head":"<!-- This site is optimized with the Yoast SEO plugin v27.5 - https:\/\/yoast.com\/product\/yoast-seo-wordpress\/ -->\n<title>Conditions g\u00e9n\u00e9rales (CG) - Clauses - IM*Genesi<\/title>\n<meta name=\"robots\" content=\"index, follow, max-snippet:-1, max-image-preview:large, max-video-preview:-1\" \/>\n<link rel=\"canonical\" href=\"https:\/\/www.imgenesi.com\/fr\/conditions-generales-clauses\/\" \/>\n<meta property=\"og:locale\" content=\"fr_FR\" \/>\n<meta property=\"og:type\" content=\"article\" \/>\n<meta property=\"og:title\" content=\"Conditions g\u00e9n\u00e9rales (CG) - Clauses - IM*Genesi\" \/>\n<meta property=\"og:description\" content=\"1. CONDITIONS G\u00c9N\u00c9RALES DU CONTRAT (CDC) 1.1. Ces CDC r\u00e9glementent la relation entre la personne qui a demand\u00e9 la cr\u00e9ation [&hellip;]\" \/>\n<meta property=\"og:url\" content=\"https:\/\/www.imgenesi.com\/fr\/conditions-generales-clauses\/\" \/>\n<meta property=\"og:site_name\" content=\"IM*Genesi\" \/>\n<meta property=\"article:modified_time\" content=\"2023-08-01T08:09:15+00:00\" \/>\n<meta property=\"og:image\" content=\"https:\/\/www.imgenesi.com\/wp-content\/themes\/imgenesi.com\/assets\/img\/share\/og\/og-default.png?itok=0.1.2\" \/>\n<meta name=\"twitter:card\" content=\"summary_large_image\" \/>\n<meta name=\"twitter:image\" content=\"https:\/\/www.imgenesi.com\/wp-content\/themes\/imgenesi.com\/assets\/img\/share\/og\/og-default.png?itok=0.1.2\" \/>\n<meta name=\"twitter:label1\" content=\"Dur\u00e9e de lecture estim\u00e9e\" \/>\n\t<meta name=\"twitter:data1\" content=\"13 minutes\" \/>\n<script type=\"application\/ld+json\" class=\"yoast-schema-graph\">{\"@context\":\"https:\\\/\\\/schema.org\",\"@graph\":[{\"@type\":\"WebPage\",\"@id\":\"https:\\\/\\\/www.imgenesi.com\\\/fr\\\/conditions-generales-clauses\\\/\",\"url\":\"https:\\\/\\\/www.imgenesi.com\\\/fr\\\/conditions-generales-clauses\\\/\",\"name\":\"Conditions g\u00e9n\u00e9rales (CG) - Clauses - IM*Genesi\",\"isPartOf\":{\"@id\":\"https:\\\/\\\/www.imgenesi.com\\\/#website\"},\"datePublished\":\"2023-07-31T16:04:19+00:00\",\"dateModified\":\"2023-08-01T08:09:15+00:00\",\"breadcrumb\":{\"@id\":\"https:\\\/\\\/www.imgenesi.com\\\/fr\\\/conditions-generales-clauses\\\/#breadcrumb\"},\"inLanguage\":\"fr-FR\",\"potentialAction\":[{\"@type\":\"ReadAction\",\"target\":[\"https:\\\/\\\/www.imgenesi.com\\\/fr\\\/conditions-generales-clauses\\\/\"]}]},{\"@type\":\"BreadcrumbList\",\"@id\":\"https:\\\/\\\/www.imgenesi.com\\\/fr\\\/conditions-generales-clauses\\\/#breadcrumb\",\"itemListElement\":[{\"@type\":\"ListItem\",\"position\":1,\"name\":\"Home\",\"item\":\"https:\\\/\\\/www.imgenesi.com\\\/fr\\\/\"},{\"@type\":\"ListItem\",\"position\":2,\"name\":\"Conditions g\u00e9n\u00e9rales (CG) &#8211; Clauses\"}]},{\"@type\":\"WebSite\",\"@id\":\"https:\\\/\\\/www.imgenesi.com\\\/#website\",\"url\":\"https:\\\/\\\/www.imgenesi.com\\\/\",\"name\":\"IM*GENESI\",\"description\":\"\",\"potentialAction\":[{\"@type\":\"SearchAction\",\"target\":{\"@type\":\"EntryPoint\",\"urlTemplate\":\"https:\\\/\\\/www.imgenesi.com\\\/?s={search_term_string}\"},\"query-input\":{\"@type\":\"PropertyValueSpecification\",\"valueRequired\":true,\"valueName\":\"search_term_string\"}}],\"inLanguage\":\"fr-FR\"}]}<\/script>\n<!-- \/ Yoast SEO plugin. -->","yoast_head_json":{"title":"Conditions g\u00e9n\u00e9rales (CG) - Clauses - IM*Genesi","robots":{"index":"index","follow":"follow","max-snippet":"max-snippet:-1","max-image-preview":"max-image-preview:large","max-video-preview":"max-video-preview:-1"},"canonical":"https:\/\/www.imgenesi.com\/fr\/conditions-generales-clauses\/","og_locale":"fr_FR","og_type":"article","og_title":"Conditions g\u00e9n\u00e9rales (CG) - Clauses - IM*Genesi","og_description":"1. CONDITIONS G\u00c9N\u00c9RALES DU CONTRAT (CDC) 1.1. Ces CDC r\u00e9glementent la relation entre la personne qui a demand\u00e9 la cr\u00e9ation [&hellip;]","og_url":"https:\/\/www.imgenesi.com\/fr\/conditions-generales-clauses\/","og_site_name":"IM*Genesi","article_modified_time":"2023-08-01T08:09:15+00:00","og_image":[{"url":"https:\/\/www.imgenesi.com\/wp-content\/themes\/imgenesi.com\/assets\/img\/share\/og\/og-default.png?itok=0.1.2","type":"","width":"","height":""}],"twitter_card":"summary_large_image","twitter_image":"https:\/\/www.imgenesi.com\/wp-content\/themes\/imgenesi.com\/assets\/img\/share\/og\/og-default.png?itok=0.1.2","twitter_misc":{"Dur\u00e9e de lecture estim\u00e9e":"13 minutes"},"schema":{"@context":"https:\/\/schema.org","@graph":[{"@type":"WebPage","@id":"https:\/\/www.imgenesi.com\/fr\/conditions-generales-clauses\/","url":"https:\/\/www.imgenesi.com\/fr\/conditions-generales-clauses\/","name":"Conditions g\u00e9n\u00e9rales (CG) - Clauses - IM*Genesi","isPartOf":{"@id":"https:\/\/www.imgenesi.com\/#website"},"datePublished":"2023-07-31T16:04:19+00:00","dateModified":"2023-08-01T08:09:15+00:00","breadcrumb":{"@id":"https:\/\/www.imgenesi.com\/fr\/conditions-generales-clauses\/#breadcrumb"},"inLanguage":"fr-FR","potentialAction":[{"@type":"ReadAction","target":["https:\/\/www.imgenesi.com\/fr\/conditions-generales-clauses\/"]}]},{"@type":"BreadcrumbList","@id":"https:\/\/www.imgenesi.com\/fr\/conditions-generales-clauses\/#breadcrumb","itemListElement":[{"@type":"ListItem","position":1,"name":"Home","item":"https:\/\/www.imgenesi.com\/fr\/"},{"@type":"ListItem","position":2,"name":"Conditions g\u00e9n\u00e9rales (CG) &#8211; Clauses"}]},{"@type":"WebSite","@id":"https:\/\/www.imgenesi.com\/#website","url":"https:\/\/www.imgenesi.com\/","name":"IM*GENESI","description":"","potentialAction":[{"@type":"SearchAction","target":{"@type":"EntryPoint","urlTemplate":"https:\/\/www.imgenesi.com\/?s={search_term_string}"},"query-input":{"@type":"PropertyValueSpecification","valueRequired":true,"valueName":"search_term_string"}}],"inLanguage":"fr-FR"}]}},"_links":{"self":[{"href":"https:\/\/www.imgenesi.com\/fr\/wp-json\/wp\/v2\/pages\/194","targetHints":{"allow":["GET"]}}],"collection":[{"href":"https:\/\/www.imgenesi.com\/fr\/wp-json\/wp\/v2\/pages"}],"about":[{"href":"https:\/\/www.imgenesi.com\/fr\/wp-json\/wp\/v2\/types\/page"}],"author":[{"embeddable":true,"href":"https:\/\/www.imgenesi.com\/fr\/wp-json\/wp\/v2\/users\/1"}],"replies":[{"embeddable":true,"href":"https:\/\/www.imgenesi.com\/fr\/wp-json\/wp\/v2\/comments?post=194"}],"version-history":[{"count":3,"href":"https:\/\/www.imgenesi.com\/fr\/wp-json\/wp\/v2\/pages\/194\/revisions"}],"predecessor-version":[{"id":217,"href":"https:\/\/www.imgenesi.com\/fr\/wp-json\/wp\/v2\/pages\/194\/revisions\/217"}],"wp:attachment":[{"href":"https:\/\/www.imgenesi.com\/fr\/wp-json\/wp\/v2\/media?parent=194"}],"curies":[{"name":"wp","href":"https:\/\/api.w.org\/{rel}","templated":true}]}}