{"id":106,"date":"2023-06-23T16:07:07","date_gmt":"2023-06-23T14:07:07","guid":{"rendered":"https:\/\/www.imgenesi.com\/cookie-policy\/"},"modified":"2023-08-03T15:27:34","modified_gmt":"2023-08-03T13:27:34","slug":"cookie-policy","status":"publish","type":"page","link":"https:\/\/www.imgenesi.com\/fr\/cookie-policy\/","title":{"rendered":"Cookie Policy"},"content":{"rendered":"\n<p style=\"padding-bottom: 10px;\">Les cookies sont de petits fichiers texte qui sont plac\u00e9s sur votre ordinateur par les sites Web que vous visitez. Les sites Web utilisent des cookies pour aider les utilisateurs \u00e0 naviguer efficacement et \u00e0 ex\u00e9cuter certaines fonctions. Les cookies qui sont n\u00e9cessaires au bon fonctionnement du site Web peuvent \u00eatre install\u00e9s sans votre autorisation. Tous les autres cookies doivent \u00eatre approuv\u00e9s avant de pouvoir \u00eatre install\u00e9s dans le navigateur.<\/p>\n          <ul style=\"list-style: circle; padding-left: 15px;\">\n              <li style=\"padding-bottom: 10px;\"><strong>Cookies strictement n\u00e9cessaires.<\/strong> Les cookies strictement n\u00e9cessaires habilitent des fonctionnalit\u00e9s de base du site Web telles que la connexion des utilisateurs et la gestion des comptes. Le site Web ne peut pas \u00eatre utilis\u00e9 correctement sans les cookies strictement n\u00e9cessaires.<\/li>\n              <li style=\"padding-bottom: 10px;\"><strong>Cookies de performance.<\/strong> Les cookies de performance sont utilis\u00e9s pour voir comment les visiteurs utilisent le site Web, par exemple les cookies d&rsquo;analyse. Ces cookies ne peuvent pas \u00eatre utilis\u00e9s pour identifier directement un visiteur sp\u00e9cifique.<\/li>\n              <li style=\"padding-bottom: 10px;\"><strong>Cookies de ciblage.<\/strong> Les cookies de ciblage sont utilis\u00e9s pour identifier les visiteurs sur diff\u00e9rents sites Web, par exemple les partenaires de contenu, les r\u00e9seaux de banni\u00e8res. Ces cookies peuvent \u00eatre utilis\u00e9s par les entreprises pour cr\u00e9er un profil des int\u00e9r\u00eats des visiteurs ou afficher des publicit\u00e9s pertinentes sur d&rsquo;autres sites Web.<\/li>\n              <li style=\"padding-bottom: 10px;\"><strong>Cookies de fonctionnalit\u00e9.<\/strong> Les cookies de fonctionnalit\u00e9 sont utilis\u00e9s pour m\u00e9moriser les informations des visiteurs sur le site Web, comme. la langue, le fuseau horaire, le contenu am\u00e9lior\u00e9.<\/li>\n              <li style=\"padding-bottom: 10px;\"><strong>Cookies non classifi\u00e9s.<\/strong> Les cookies non classifi\u00e9s sont des cookies qui n&rsquo;appartiennent \u00e0 aucune autre cat\u00e9gorie ou qui sont en cours de cat\u00e9gorisation.<\/li>\n          <\/ul>\n          <div class=\"cookie-report-container\">\n              <p data-cookiereport=\"true\" style=\"padding-bottom: 10px;\">Vous pouvez modifier votre consentement \u00e0 l&rsquo;utilisation des cookies ci-dessous.<\/p>\n              <script type=\"text\/javascript\" charset=\"UTF-8\" data-cookiescriptreport=\"report\" data-cs-lang=\"fr\" src=\"\/\/report.cookie-script.com\/r\/0fb598a20b90a13916bdd56b792765b6.js\"><\/script>\n      <\/div>\n","protected":false},"excerpt":{"rendered":"<p>Les cookies sont de petits fichiers texte qui sont plac\u00e9s sur votre ordinateur par les sites Web que vous visitez. [&hellip;]<\/p>\n","protected":false},"author":1,"featured_media":0,"parent":0,"menu_order":0,"comment_status":"closed","ping_status":"closed","template":"tpl.page.privacy.php","meta":{"_acf_changed":false,"footnotes":""},"class_list":["post-106","page","type-page","status-publish","hentry"],"acf":[],"yoast_head":"<!-- This site is optimized with the Yoast SEO plugin v27.5 - https:\/\/yoast.com\/product\/yoast-seo-wordpress\/ -->\n<title>Cookie Policy - IM*Genesi<\/title>\n<meta name=\"robots\" content=\"noindex, nofollow\" \/>\n<meta property=\"og:locale\" content=\"fr_FR\" \/>\n<meta property=\"og:type\" content=\"article\" \/>\n<meta property=\"og:title\" content=\"Cookie Policy - IM*Genesi\" \/>\n<meta property=\"og:description\" content=\"Les cookies sont de petits fichiers texte qui sont plac\u00e9s sur votre ordinateur par les sites Web que vous visitez. [&hellip;]\" \/>\n<meta property=\"og:url\" content=\"https:\/\/www.imgenesi.com\/fr\/cookie-policy\/\" \/>\n<meta property=\"og:site_name\" content=\"IM*Genesi\" \/>\n<meta property=\"article:modified_time\" content=\"2023-08-03T13:27:34+00:00\" \/>\n<meta property=\"og:image\" content=\"https:\/\/www.imgenesi.com\/wp-content\/themes\/imgenesi.com\/assets\/img\/share\/og\/og-default.png?itok=0.1.2\" \/>\n<meta name=\"twitter:card\" content=\"summary_large_image\" \/>\n<meta name=\"twitter:image\" content=\"https:\/\/www.imgenesi.com\/wp-content\/themes\/imgenesi.com\/assets\/img\/share\/og\/og-default.png?itok=0.1.2\" \/>\n<meta name=\"twitter:label1\" content=\"Dur\u00e9e de lecture estim\u00e9e\" \/>\n\t<meta name=\"twitter:data1\" content=\"2 minutes\" \/>\n<script type=\"application\/ld+json\" class=\"yoast-schema-graph\">{\"@context\":\"https:\\\/\\\/schema.org\",\"@graph\":[{\"@type\":\"WebPage\",\"@id\":\"https:\\\/\\\/www.imgenesi.com\\\/fr\\\/cookie-policy\\\/\",\"url\":\"https:\\\/\\\/www.imgenesi.com\\\/fr\\\/cookie-policy\\\/\",\"name\":\"Cookie Policy - IM*Genesi\",\"isPartOf\":{\"@id\":\"https:\\\/\\\/www.imgenesi.com\\\/#website\"},\"datePublished\":\"2023-06-23T14:07:07+00:00\",\"dateModified\":\"2023-08-03T13:27:34+00:00\",\"breadcrumb\":{\"@id\":\"https:\\\/\\\/www.imgenesi.com\\\/fr\\\/cookie-policy\\\/#breadcrumb\"},\"inLanguage\":\"fr-FR\",\"potentialAction\":[{\"@type\":\"ReadAction\",\"target\":[\"https:\\\/\\\/www.imgenesi.com\\\/fr\\\/cookie-policy\\\/\"]}]},{\"@type\":\"BreadcrumbList\",\"@id\":\"https:\\\/\\\/www.imgenesi.com\\\/fr\\\/cookie-policy\\\/#breadcrumb\",\"itemListElement\":[{\"@type\":\"ListItem\",\"position\":1,\"name\":\"Home\",\"item\":\"https:\\\/\\\/www.imgenesi.com\\\/fr\\\/\"},{\"@type\":\"ListItem\",\"position\":2,\"name\":\"Cookie Policy\"}]},{\"@type\":\"WebSite\",\"@id\":\"https:\\\/\\\/www.imgenesi.com\\\/#website\",\"url\":\"https:\\\/\\\/www.imgenesi.com\\\/\",\"name\":\"IM*GENESI\",\"description\":\"\",\"potentialAction\":[{\"@type\":\"SearchAction\",\"target\":{\"@type\":\"EntryPoint\",\"urlTemplate\":\"https:\\\/\\\/www.imgenesi.com\\\/?s={search_term_string}\"},\"query-input\":{\"@type\":\"PropertyValueSpecification\",\"valueRequired\":true,\"valueName\":\"search_term_string\"}}],\"inLanguage\":\"fr-FR\"}]}<\/script>\n<!-- \/ Yoast SEO plugin. -->","yoast_head_json":{"title":"Cookie Policy - IM*Genesi","robots":{"index":"noindex","follow":"nofollow"},"og_locale":"fr_FR","og_type":"article","og_title":"Cookie Policy - IM*Genesi","og_description":"Les cookies sont de petits fichiers texte qui sont plac\u00e9s sur votre ordinateur par les sites Web que vous visitez. [&hellip;]","og_url":"https:\/\/www.imgenesi.com\/fr\/cookie-policy\/","og_site_name":"IM*Genesi","article_modified_time":"2023-08-03T13:27:34+00:00","og_image":[{"url":"https:\/\/www.imgenesi.com\/wp-content\/themes\/imgenesi.com\/assets\/img\/share\/og\/og-default.png?itok=0.1.2","type":"","width":"","height":""}],"twitter_card":"summary_large_image","twitter_image":"https:\/\/www.imgenesi.com\/wp-content\/themes\/imgenesi.com\/assets\/img\/share\/og\/og-default.png?itok=0.1.2","twitter_misc":{"Dur\u00e9e de lecture estim\u00e9e":"2 minutes"},"schema":{"@context":"https:\/\/schema.org","@graph":[{"@type":"WebPage","@id":"https:\/\/www.imgenesi.com\/fr\/cookie-policy\/","url":"https:\/\/www.imgenesi.com\/fr\/cookie-policy\/","name":"Cookie Policy - IM*Genesi","isPartOf":{"@id":"https:\/\/www.imgenesi.com\/#website"},"datePublished":"2023-06-23T14:07:07+00:00","dateModified":"2023-08-03T13:27:34+00:00","breadcrumb":{"@id":"https:\/\/www.imgenesi.com\/fr\/cookie-policy\/#breadcrumb"},"inLanguage":"fr-FR","potentialAction":[{"@type":"ReadAction","target":["https:\/\/www.imgenesi.com\/fr\/cookie-policy\/"]}]},{"@type":"BreadcrumbList","@id":"https:\/\/www.imgenesi.com\/fr\/cookie-policy\/#breadcrumb","itemListElement":[{"@type":"ListItem","position":1,"name":"Home","item":"https:\/\/www.imgenesi.com\/fr\/"},{"@type":"ListItem","position":2,"name":"Cookie Policy"}]},{"@type":"WebSite","@id":"https:\/\/www.imgenesi.com\/#website","url":"https:\/\/www.imgenesi.com\/","name":"IM*GENESI","description":"","potentialAction":[{"@type":"SearchAction","target":{"@type":"EntryPoint","urlTemplate":"https:\/\/www.imgenesi.com\/?s={search_term_string}"},"query-input":{"@type":"PropertyValueSpecification","valueRequired":true,"valueName":"search_term_string"}}],"inLanguage":"fr-FR"}]}},"_links":{"self":[{"href":"https:\/\/www.imgenesi.com\/fr\/wp-json\/wp\/v2\/pages\/106","targetHints":{"allow":["GET"]}}],"collection":[{"href":"https:\/\/www.imgenesi.com\/fr\/wp-json\/wp\/v2\/pages"}],"about":[{"href":"https:\/\/www.imgenesi.com\/fr\/wp-json\/wp\/v2\/types\/page"}],"author":[{"embeddable":true,"href":"https:\/\/www.imgenesi.com\/fr\/wp-json\/wp\/v2\/users\/1"}],"replies":[{"embeddable":true,"href":"https:\/\/www.imgenesi.com\/fr\/wp-json\/wp\/v2\/comments?post=106"}],"version-history":[{"count":3,"href":"https:\/\/www.imgenesi.com\/fr\/wp-json\/wp\/v2\/pages\/106\/revisions"}],"predecessor-version":[{"id":224,"href":"https:\/\/www.imgenesi.com\/fr\/wp-json\/wp\/v2\/pages\/106\/revisions\/224"}],"wp:attachment":[{"href":"https:\/\/www.imgenesi.com\/fr\/wp-json\/wp\/v2\/media?parent=106"}],"curies":[{"name":"wp","href":"https:\/\/api.w.org\/{rel}","templated":true}]}}