{"id":178,"date":"2023-07-31T15:11:54","date_gmt":"2023-07-31T13:11:54","guid":{"rendered":"https:\/\/www.imgenesi.com\/condizioni-generali\/"},"modified":"2023-07-31T16:43:10","modified_gmt":"2023-07-31T14:43:10","slug":"condizioni-generali","status":"publish","type":"page","link":"https:\/\/www.imgenesi.com\/de\/condizioni-generali\/","title":{"rendered":"Allgemeine Gesch\u00e4ftsbedingungen (AGB)"},"content":{"rendered":"\n<p><strong>1. ALLGEMEINE VERTRAGSBEDINGUNGEN (AGB)<\/strong><\/p>\n\n\n\n<p>1.1. Diese CDC regeln die Beziehung zwischen der Person, die die Erstellung einer Website beantragt hat (\u201eder Kunde\u201c) und der Nutzung zus\u00e4tzlicher Zusatzdienste durch \u201eIM* Genesi\u201c (\u201edie Plattform\u201c) und IM*MEDIA S.r.l. (\u201edie Agentur\u201c), Steuergesetzbuch und Umsatzsteuer-Identifikationsnummer 04286410826, mit Sitz in Italien, Palermo, Via Antonio Gagini n. 59, Postleitzahl 90133 (E-Mail: info@immedia.net; zertifizierte E-Mail: immedia@pec.immedia.net).<\/p>\n\n\n\n<p>1.2. Die CDC bilden einen integralen Bestandteil des Vertrags, gelten f\u00fcr die gesamte Beziehung und k\u00f6nnen nur in einer schriftlichen Urkunde mit der Unterschrift des gesetzlichen Vertreters der Agentur abge\u00e4ndert werden.<\/p>\n\n\n\n<p>1.3. \u201eIM* Genesi\u201c ist ein Dienst, der gewerblichen Kunden vorbehalten ist. Durch die Genehmigung der Bestellung erkl\u00e4rt der Kunde, dass er kein Verbraucher ist.<\/p>\n\n\n\n<p>1.4. Diese CDC k\u00f6nnen einseitig von der Agentur ge\u00e4ndert werden, die die eingetretenen \u00c4nderungen schriftlich mitteilt und auf die Beziehung anwendbar ist. Sollten die \u00c4nderungen f\u00fcr den Kunden ung\u00fcnstig sein, hat dieser das Recht, zur\u00fcckzutreten vom Vertrag innerhalb von 15 Tagen nach der Mitteilung zur\u00fcckzutreten.<\/p>\n\n\n\n<p><strong>2. ABSCHLUSS DES VERTRAGS ZUR ERSTELLUNG DER WEBSITE \u2013 LIEFERUNG VON MATERIALIEN<\/strong><\/p>\n\n\n\n<p>2.1. Nachdem sich der Kunde auf der Website \u201eIM* Genesi\u201c registriert hat, w\u00e4hlt er die Merkmale der Website aus, die er erstellen m\u00f6chte, und die Zusatzleistungen, die er nutzen m\u00f6chte. Anschlie\u00dfend wird eine \u00dcbersichtsseite mit Angabe der Gegenleistung angezeigt und die Zahlung angegeben Die Daten greifen daher auf die Bestellung zu, die er zusammen mit diesen CDC \u00fcber die Codes, die er \u00fcber das eingegebene Telefon erh\u00e4lt (SMS-Token), genehmigen kann. Anschlie\u00dfend akzeptiert er die Bestellung, indem er auf \u201eKaufen\u201c klickt die Abbuchung des in Punkt 3.1 genannten Betrages.<\/p>\n\n\n\n<p>2.2. Gleichzeitig sendet die Agentur die Zusammenfassung der angenommenen Bestellung an die vom Kunden angegebene E-Mail-Adresse. Ab diesem Zeitpunkt gilt der Vertrag in jeder Hinsicht als abgeschlossen. Anschlie\u00dfend nimmt die Agentur Kontakt mit dem Kunden auf, um die Lieferzeiten und -methoden f\u00fcr die Materialien (Informationen \u00fcber das Unternehmen und die Aktivit\u00e4t, Bilder, Texte, Audio-, Video- oder andere Inhalte) zu vereinbaren, die auf der Website eingef\u00fcgt werden m\u00fcssen. Die Lieferung der Materialien innerhalb der von der Agentur angegebenen Fristen und auf die von der Agentur angegebene Weise stellt eine Verpflichtung f\u00fcr den Kunden dar. Bei Nichterf\u00fcllung ist die Agentur nicht in der Lage, die Website zu erstellen und wird die gezahlten Betr\u00e4ge als Vertragsstrafe einbehalten.<\/p>\n\n\n\n<p>2.3. Der Kunde verpflichtet sich, die Nutzungsrechte an den gelieferten Materialien und die zur Verbreitung erforderlichen Freigaben zu erwerben; es verpflichtet sich au\u00dferdem, Materialien bereitzustellen, die rechtm\u00e4\u00dfig verbreitet werden k\u00f6nnen; die nicht im Widerspruch zu gesetzlichen Bestimmungen oder Rechten Dritter stehen; die nicht obsz\u00f6n, beleidigend, verleumderisch oder auf jeden Fall geeignet sind, Dritten Schaden zuzuf\u00fcgen. Der Kunde erkennt an und akzeptiert, dass die Verf\u00fcgbarkeit der Website und der Dienste im Falle eines Versto\u00dfes gegen die Regeln f\u00fcr die Nutzung des vom Anbieter bereitgestellten Dienstes oder eines Versto\u00dfes gegen Strafgesetze unterbrochen werden kann. Eine \u00dcberpr\u00fcfung durch die Agentur bleibt jedoch ausgeschlossen. Sollte ihr bekannt werden, dass Inhalte ver\u00f6ffentlicht werden, die gegen das Verbot versto\u00dfen, beh\u00e4lt sie sich das Recht vor, diese ohne Vorank\u00fcndigung und auf Kosten des Kunden zu entfernen. Dieser verpflichtet sich seinerseits, die Agentur von allen Sch\u00e4den oder Anspr\u00fcchen freizustellen, die sich aus der Nutzung der von ihr gelieferten Materialien ergeben, und entbindet die Agentur von jeglicher Haftung, die sich aus der Unterbrechung der Dienstleistungen oder der Entfernung der Materialien ergibt .<\/p>\n\n\n\n<p>2.4. Die geistigen Eigentumsrechte der auf \u201eIM* Genesi\u201c pr\u00e4sentierten Modelle und der f\u00fcr den Kunden erstellten Website geh\u00f6ren der Agentur und werden nicht auf den Kunden \u00fcbertragen, der berechtigt ist, sie gem\u00e4\u00df den Bestimmungen der Bestellung zu nutzen. \u00fcber nicht ausschlie\u00dflich und nicht \u00fcbertragbar, f\u00fcr die Dauer des Vertrags.<\/p>\n\n\n\n<p>2.5. Der Kunde akzeptiert, dass das Logo und der Name der Plattform auf der Website mit dem entsprechenden Link angezeigt werden.<\/p>\n\n\n\n<p><strong>3. STANDORTGENEHMIGUNG \u2013 R\u00dcCKZUG \u2013 VERL\u00c4NGERUNG<\/strong><\/p>\n\n\n\n<p>3.1. Zum Zeitpunkt der Bestellung belastet die Agentur die Karte des Kunden nur mit der einmaligen Geb\u00fchr von 199,00 CFH + MwSt. im Falle einer Showcase-Website oder 299,00 CFH + MwSt. im Falle einer Website mit E-Commerce. Innerhalb von 30 Tagen nach dem Versand der Materialien erstellt die Agentur die Website mit den vom Kunden ausgew\u00e4hlten Merkmalen und nimmt mit ihm Kontakt auf, um sie ihm zu zeigen. Dieser Begriff ist lediglich als Hinweis zu verstehen und in keinem Fall im Interesse der Parteien wesentlich.<\/p>\n\n\n\n<p>3.2. Erfolgt keine Genehmigung der Website durch den Kunden, beh\u00e4lt die Agentur nur den urspr\u00fcnglich gezahlten Betrag als Gegenleistung f\u00fcr den Widerruf ein und die Website wird nicht ver\u00f6ffentlicht oder bereitgestellt, wobei die Agentur das Recht hat, sie sofort zu stornieren.<\/p>\n\n\n\n<p>3.3. Im Falle der Genehmigung der Website durch den Kunden wird diese ohne Zugangsbeschr\u00e4nkungen im Internet ver\u00f6ffentlicht, der verbleibende Teil der Gegenleistung wird in Rechnung gestellt und die in der Bestellung enthaltenen Dienstleistungen werden f\u00fcr einen Zeitraum von 12 Monaten ab dem Tag erbracht der Ver\u00f6ffentlichung. Mit der Genehmigung wird davon ausgegangen, dass die Website in jeder Hinsicht abgenommen und getestet wurde, mit der Folge, dass die Haftung der Agentur f\u00fcr Fehler und M\u00e4ngel, die mit normaler Sorgfalt h\u00e4tten entdeckt werden k\u00f6nnen, erlischt. Zur Geltendmachung der Garantie f\u00fcr versteckte M\u00e4ngel m\u00fcssen diese reproduzierbar sein und innerhalb von f\u00fcnf Tagen nach Entdeckung und zehn Tagen nach Lieferung gemeldet werden. Jegliche Haftung der Agentur f\u00fcr die Zeit zwischen der Ver\u00f6ffentlichung der Website und deren Bereitstellung f\u00fcr die \u00d6ffentlichkeit ist ausgeschlossen.<\/p>\n\n\n\n<p>3.4. Etwaige \u00c4nderungs- und Erg\u00e4nzungsw\u00fcnsche des Kunden, die nicht eigenst\u00e4ndig durchf\u00fchrbar sind, sind unzul\u00e4ssig und k\u00f6nnen Gegenstand gesonderter Vereinbarungen zwischen den Parteien sein, wobei sich die Agentur eine diesbez\u00fcgliche Beurteilung vorbeh\u00e4lt.<\/p>\n\n\n\n<p>3.5. Nach Ablauf des oben genannten Zeitraums von 12 Monaten verl\u00e4ngert sich der Vertrag stillschweigend um Zeitr\u00e4ume gleicher Dauer, sofern nicht eine der Parteien innerhalb von neunzig Tagen vor Ablauf eine schriftliche K\u00fcndigung erkl\u00e4rt.<\/p>\n\n\n\n<p>3.6. Bei Vertragsbeendigung hat der Kunde keinen Zugriff mehr auf die Website und alle ihre Inhalte, einschlie\u00dflich der Daten der Benutzer der Website, die vollst\u00e4ndig gel\u00f6scht werden. F\u00fcr die Speicherung dieser Daten ist der Kunde allein verantwortlich und muss vor Vertragsbeendigung unter Ausschluss jeglicher Kosten- und Haftungsanspr\u00fcche seitens der Agentur erfolgen.<\/p>\n\n\n\n<p>3.7. In jedem Fall verbleiben alle Rechte an der Website und an jedem ihrer einzelnen Bestandteile bei der Agentur, die dem Kunden ausschlie\u00dflich f\u00fcr die Dauer des Vertrags \u00fcberlassen werden und nach Beendigung des Vertragsverh\u00e4ltnisses unter Wahrung der Rechte des Kunden nicht mehr genutzt werden k\u00f6nnen ihm zustehen, nur auf die von ihm gelieferten Materialien.<\/p>\n\n\n\n<p>3.8. Die Abtretung dieses Vertrages und des Gel\u00e4ndes ist nur der Agentur gestattet, die den Kunden dar\u00fcber benachrichtigt.<\/p>\n\n\n\n<p><strong>4. REGISTRIERUNG DES DOMAINNAMENS<\/strong><\/p>\n\n\n\n<p>4.1. Bei Bedarf registriert die Agentur eine oder mehrere Domains f\u00fcr die Seite des Kunden bei ihrem Registrierungsdienstleister (\u201eRegistrar\u201c). Die Agentur kann die Verf\u00fcgbarkeit der vom Kunden angegebenen Domains erst dann garantieren, wenn er mit der Registrierung fortf\u00e4hrt, nach der Genehmigung der Website und zum Zeitpunkt der Ver\u00f6ffentlichung. M\u00f6chte der Kunde nicht das Risiko eingehen, dass die Domain zu diesem Zeitpunkt nicht verf\u00fcgbar ist, muss er sie selbst registrieren.<\/p>\n\n\n\n<p>4.2 In jedem Fall, in dem der Kunde eine registrierte Domain verwenden m\u00f6chte, die er bereits besitzt, muss er diese der Agentur innerhalb der von dieser angegebenen Frist zusammen mit den f\u00fcr die \u00dcbertragung der Domain an seinen Registrar erforderlichen Mitteln zur Verf\u00fcgung stellen. Nach Ablauf der angegebenen Frist kann die Agentur im Namen des Kunden eine nach ihrem Ermessen bestimmte Domain registrieren.<\/p>\n\n\n\n<p>4.3. Bis zum Zeitpunkt der Vertragsbeendigung muss der Kunde der Agentur mitteilen, an welchen Registrar er die Domain zur weiteren Nutzung \u00fcbertragen m\u00f6chte. Nach Ablauf der oben genannten Frist ist die Agentur nicht mehr verpflichtet, die Registrierung zu erneuern, und die Domain kann gek\u00fcndigt und m\u00f6glicherweise von Dritten erworben werden.<\/p>\n\n\n\n<p>4.3. Eine \u00dcbertragung der Domain auf einen anderen Registrar ist dem Kunden, au\u00dfer bei Beendigung des Vertragsverh\u00e4ltnisses, nicht gestattet.<\/p>\n\n\n\n<p><strong>5. ZUS\u00c4TZLICHE DIENSTLEISTUNGEN \u2013 DATENSCHUTZ<\/strong><\/p>\n\n\n\n<p>5.1. Um bestimmte Nebenleistungen anzubieten, die sie nicht direkt erbringen kann (z. B. Registrierung und Erneuerung von Internetdom\u00e4nen; Hosting; Server und Internetkonnektivit\u00e4t; Zahlungsdienste), greift die Agentur auf Dienstleistungen Dritter zur\u00fcck, die von ihr ausgew\u00e4hlt werden unabh\u00e4ngig und ausschlie\u00dflich und kann w\u00e4hrend der Beziehung \u00c4nderungen unterliegen. Im Falle einer \u00c4nderung der Kosten der Leistungen wird die Agentur den Kunden gem\u00e4\u00df Punkt 1.4 informieren.<\/p>\n\n\n\n<p>5.2. Bei Websites mit E-Commerce erfolgt die Zahlungsabwicklung \u00fcber die Paypal-Plattform, deren Nutzungsbedingungen auf der Website des H\u00e4ndlers zu finden sind.<\/p>\n\n\n\n<p>5.3. Bei der Durchf\u00fchrung von Suchmaschinenpositionierungsdiensten (SEO), Website-Migration, Beratung, Logoerstellung und Markenbuch agiert die Agentur unabh\u00e4ngig. Die Natur dieser Leistungen hindert die Agentur daran, diesbez\u00fcgliche Leistungspflichten zu \u00fcbernehmen. Der Kunde akzeptiert daher, dass die Nichterreichung eines bestimmten Ziels nicht als der Agentur zuzurechnen angesehen werden kann und entbindet den Kunden nicht von der Verpflichtung, das vereinbarte Honorar zu zahlen.<\/p>\n\n\n\n<p>5.4. Wenn die Website die Registrierung von Benutzern und die Erstellung von Datenbanken erm\u00f6glicht, bleiben diese das ausschlie\u00dfliche Eigentum des Kunden, der sich als alleiniger Eigent\u00fcmer verpflichtet, die Datenschutzbestimmungen einzuhalten und der Agentur und\/oder den in der angegebenen Dritten zur Verf\u00fcgung zu stellen Punkt 5.1. die entsprechenden Berechtigungen und Informationen.<\/p>\n\n\n\n<p>5.5. Der Kunde verpflichtet sich, der Agentur und den in Punkt 5.1 genannten Dritten im Bedarfsfall Auskunft zu erteilen. Die Aufgabe des Datenverantwortlichen gem\u00e4\u00df den Datenschutzgesetzen des Ortes, an dem das Unternehmen seinen Sitz hat, und der EU. Sollte die direkte Beauftragung Dritter durch den Kunden nicht praktikabel sein, wird die Agentur diese mit Zustimmung des Kunden als Verantwortlichen beauftragen.<\/p>\n\n\n\n<p><strong>6. ZAHLUNGEN<\/strong><\/p>\n\n\n\n<p>6.1. Die Geb\u00fchren sind der Agentur zum Zeitpunkt der \u00dcbermittlung der Bestellung und zum Zeitpunkt der Genehmigung des Standorts sowie bei jeder j\u00e4hrlichen Verl\u00e4ngerung und Anforderung einer neuen Dienstleistung f\u00e4llig, und zwar in einer einzigen L\u00f6sung oder in regelm\u00e4\u00dfigen Abst\u00e4nden, wenn eine Ratenzahlung vereinbart ist.<\/p>\n\n\n\n<p>6.2. Die Zahlungsbedingungen m\u00fcssen im Interesse der Agentur als wesentlich angesehen werden. Sollte die Nichterf\u00fcllung l\u00e4nger als sieben Tage andauern, wird als Konventionalstrafe eine Erh\u00f6hung um 5 % auf den noch geschuldeten Betrag f\u00e4llig. Nach Ablauf dieser Frist ist die Agentur au\u00dferdem berechtigt, den Zugang zur Website zu sperren und die Erbringung s\u00e4mtlicher Dienste und Dienste auf ihre Kosten einzustellen. In diesem Fall hat der Kunde keinen Anspruch auf eine Minderung oder R\u00fcckerstattung der Geb\u00fchren f\u00fcr den Zeitraum, in dem die Agentur die Website gesperrt und die Erbringung der von ihm zu vertretenden Leistungen eingestellt hat. Dar\u00fcber hinaus kann die Agentur dem Kunden die Reaktivierungskosten in H\u00f6he von CHF 100.00 + MwSt. in Rechnung stellen.<\/p>\n\n\n\n<p>6.3. Wenn die vollst\u00e4ndige oder teilweise Nichterf\u00fcllung durch den Kunden l\u00e4nger als f\u00fcnfzehn Tage andauert, wird der Vertrag gek\u00fcndigt und die K\u00fcndigung erfolgt automatisch, wenn die Agentur den Kunden \u00fcber ihre Bereitschaft informiert, von dieser Klausel Gebrauch zu machen. Im Falle einer K\u00fcndigung wird dem Kunden der bis zum Vertragsende f\u00e4llige Betrag und zwar als Vertragsstrafe, vorbehaltlich eines h\u00f6heren Schadens, in Rechnung gestellt.<\/p>\n\n\n\n<p><strong>7. HAFTUNGSBESCHR\u00c4NKUNGEN<\/strong><\/p>\n\n\n\n<p>7.1. Jegliche Haftung der Agentur, einschlie\u00dflich Entsch\u00e4digungen oder Strafen, aufgrund von: a) Verlust von Daten und\/oder Funktionalit\u00e4t aufgrund des Wechsels des Registrars und\/oder der \u00dcbertragung von Daten vom vorherigen Hosting- und\/oder Mitarbeiterdatenbankanbieter ist ausgeschlossen Unvollst\u00e4ndigkeit der vom Kunden zum Zeitpunkt der Anfrage bereitgestellten Informationen; b) Fehler in den vom Kunden zum Zweck der Registrierung von Domainnamen \u00fcbermittelten Daten; c) Folgesch\u00e4den an M\u00e4ngeln oder Mitarbeitern, die aus der Nutzung oder Nichtnutzung der Dienste resultieren oder aus dem Verlust von Gesch\u00e4ftsm\u00f6glichkeiten oder Einsparungen, einer Imagesch\u00e4digung oder einem Verlust des kommerziellen Rufs bestehen; d) Strafschadenersatz, Astreintes, mittelbare Zwangsma\u00dfnahmen.<\/p>\n\n\n\n<p>7.2. Dar\u00fcber hinaus ist die Agentur nicht daf\u00fcr verantwortlich, dass die Website nach dem Datum der Bestellung den gesetzlichen, beh\u00f6rdlichen oder interpretativen Bestimmungen entspricht, und ist auch nicht verpflichtet, die Website an diese anzupassen, sofern keine ausdr\u00fcckliche Anfrage des Kunden vorliegt.<\/p>\n\n\n\n<p>7.3. Die Haftung der Agentur, einschlie\u00dflich Entsch\u00e4digungen oder Strafen, ist in jedem Fall auf einen H\u00f6chstbetrag in H\u00f6he der vom Kunden geschuldeten Honorare beschr\u00e4nkt und ist f\u00fcr Sch\u00e4den ausgeschlossen, die sich aus entgangenem Gewinn, Nichtabschlie\u00dfen von Vertr\u00e4gen, Verlust von Chancen und kommerziellen Aktivit\u00e4ten sowie Unterbrechungen ergeben von &#8218;Gesch\u00e4ft.<\/p>\n\n\n\n<p><strong>8. STREITIGKEITEN<\/strong><\/p>\n\n\n\n<p>8.1. Der Vertrag kommt in Italien zustande, wo die Agentur ihren Sitz hat und die Dienstleistung auf ihre Kosten erbracht wird, und unterliegt italienischem Recht.<br>8.2. Wenn der Vertrag aus Gr\u00fcnden der besseren Lesbarkeit auch in anderen Sprachen als Italienisch verfasst ist, vereinbaren die Parteien, dass zwischen ihnen nur die in italienischer Sprache verfasste und unterzeichnete Fassung rechtsverbindlich ist. Eine etwaige Unwirksamkeit einzelner Bestimmungen dieses Vertrages hat keine Auswirkung auf die \u00fcbrigen Bestimmungen und bleibt davon unber\u00fchrt.<br>8.3. F\u00fcr alle Streitigkeiten bez\u00fcglich der Auslegung und Ausf\u00fchrung des Vertrags ist ausschlie\u00dflich das Gericht von Palermo zust\u00e4ndig.<br>8.4. Unbeschadet der M\u00f6glichkeit der Agentur, Zahlungsverf\u00fcgungen an dem Ort zu beantragen, an dem der Kunde seinen Sitz oder eine Niederlassung mit einem zur Klage befugten Vertreter hat.<\/p>\n\n\n\n<p><\/p>\n","protected":false},"excerpt":{"rendered":"<p>1. ALLGEMEINE VERTRAGSBEDINGUNGEN (AGB) 1.1. Diese CDC regeln die Beziehung zwischen der Person, die die Erstellung einer Website beantragt hat [&hellip;]<\/p>\n","protected":false},"author":1,"featured_media":0,"parent":0,"menu_order":0,"comment_status":"closed","ping_status":"closed","template":"tpl.page.privacy.php","meta":{"_acf_changed":false,"footnotes":""},"class_list":["post-178","page","type-page","status-publish","hentry"],"acf":[],"yoast_head":"<!-- This site is optimized with the Yoast SEO plugin v27.5 - https:\/\/yoast.com\/product\/yoast-seo-wordpress\/ -->\n<title>Allgemeine Gesch\u00e4ftsbedingungen (AGB) - IM*Genesi<\/title>\n<meta name=\"robots\" content=\"index, follow, max-snippet:-1, max-image-preview:large, max-video-preview:-1\" \/>\n<link rel=\"canonical\" href=\"https:\/\/www.imgenesi.com\/de\/condizioni-generali\/\" \/>\n<meta property=\"og:locale\" content=\"de_DE\" \/>\n<meta property=\"og:type\" content=\"article\" \/>\n<meta property=\"og:title\" content=\"Allgemeine Gesch\u00e4ftsbedingungen (AGB) - IM*Genesi\" \/>\n<meta property=\"og:description\" content=\"1. ALLGEMEINE VERTRAGSBEDINGUNGEN (AGB) 1.1. Diese CDC regeln die Beziehung zwischen der Person, die die Erstellung einer Website beantragt hat [&hellip;]\" \/>\n<meta property=\"og:url\" content=\"https:\/\/www.imgenesi.com\/de\/condizioni-generali\/\" \/>\n<meta property=\"og:site_name\" content=\"IM*Genesi\" \/>\n<meta property=\"article:modified_time\" content=\"2023-07-31T14:43:10+00:00\" \/>\n<meta property=\"og:image\" content=\"https:\/\/www.imgenesi.com\/wp-content\/themes\/imgenesi.com\/assets\/img\/share\/og\/og-default.png?itok=0.1.2\" \/>\n<meta name=\"twitter:card\" content=\"summary_large_image\" \/>\n<meta name=\"twitter:image\" content=\"https:\/\/www.imgenesi.com\/wp-content\/themes\/imgenesi.com\/assets\/img\/share\/og\/og-default.png?itok=0.1.2\" \/>\n<meta name=\"twitter:label1\" content=\"Gesch\u00e4tzte Lesezeit\" \/>\n\t<meta name=\"twitter:data1\" content=\"11\u00a0Minuten\" \/>\n<script type=\"application\/ld+json\" class=\"yoast-schema-graph\">{\"@context\":\"https:\\\/\\\/schema.org\",\"@graph\":[{\"@type\":\"WebPage\",\"@id\":\"https:\\\/\\\/www.imgenesi.com\\\/de\\\/condizioni-generali\\\/\",\"url\":\"https:\\\/\\\/www.imgenesi.com\\\/de\\\/condizioni-generali\\\/\",\"name\":\"Allgemeine Gesch\u00e4ftsbedingungen (AGB) - IM*Genesi\",\"isPartOf\":{\"@id\":\"https:\\\/\\\/www.imgenesi.com\\\/#website\"},\"datePublished\":\"2023-07-31T13:11:54+00:00\",\"dateModified\":\"2023-07-31T14:43:10+00:00\",\"breadcrumb\":{\"@id\":\"https:\\\/\\\/www.imgenesi.com\\\/de\\\/condizioni-generali\\\/#breadcrumb\"},\"inLanguage\":\"de\",\"potentialAction\":[{\"@type\":\"ReadAction\",\"target\":[\"https:\\\/\\\/www.imgenesi.com\\\/de\\\/condizioni-generali\\\/\"]}]},{\"@type\":\"BreadcrumbList\",\"@id\":\"https:\\\/\\\/www.imgenesi.com\\\/de\\\/condizioni-generali\\\/#breadcrumb\",\"itemListElement\":[{\"@type\":\"ListItem\",\"position\":1,\"name\":\"Home\",\"item\":\"https:\\\/\\\/www.imgenesi.com\\\/de\\\/\"},{\"@type\":\"ListItem\",\"position\":2,\"name\":\"Allgemeine Gesch\u00e4ftsbedingungen (AGB)\"}]},{\"@type\":\"WebSite\",\"@id\":\"https:\\\/\\\/www.imgenesi.com\\\/#website\",\"url\":\"https:\\\/\\\/www.imgenesi.com\\\/\",\"name\":\"IM*GENESI\",\"description\":\"\",\"potentialAction\":[{\"@type\":\"SearchAction\",\"target\":{\"@type\":\"EntryPoint\",\"urlTemplate\":\"https:\\\/\\\/www.imgenesi.com\\\/?s={search_term_string}\"},\"query-input\":{\"@type\":\"PropertyValueSpecification\",\"valueRequired\":true,\"valueName\":\"search_term_string\"}}],\"inLanguage\":\"de\"}]}<\/script>\n<!-- \/ Yoast SEO plugin. -->","yoast_head_json":{"title":"Allgemeine Gesch\u00e4ftsbedingungen (AGB) - IM*Genesi","robots":{"index":"index","follow":"follow","max-snippet":"max-snippet:-1","max-image-preview":"max-image-preview:large","max-video-preview":"max-video-preview:-1"},"canonical":"https:\/\/www.imgenesi.com\/de\/condizioni-generali\/","og_locale":"de_DE","og_type":"article","og_title":"Allgemeine Gesch\u00e4ftsbedingungen (AGB) - IM*Genesi","og_description":"1. ALLGEMEINE VERTRAGSBEDINGUNGEN (AGB) 1.1. Diese CDC regeln die Beziehung zwischen der Person, die die Erstellung einer Website beantragt hat [&hellip;]","og_url":"https:\/\/www.imgenesi.com\/de\/condizioni-generali\/","og_site_name":"IM*Genesi","article_modified_time":"2023-07-31T14:43:10+00:00","og_image":[{"url":"https:\/\/www.imgenesi.com\/wp-content\/themes\/imgenesi.com\/assets\/img\/share\/og\/og-default.png?itok=0.1.2","type":"","width":"","height":""}],"twitter_card":"summary_large_image","twitter_image":"https:\/\/www.imgenesi.com\/wp-content\/themes\/imgenesi.com\/assets\/img\/share\/og\/og-default.png?itok=0.1.2","twitter_misc":{"Gesch\u00e4tzte Lesezeit":"11\u00a0Minuten"},"schema":{"@context":"https:\/\/schema.org","@graph":[{"@type":"WebPage","@id":"https:\/\/www.imgenesi.com\/de\/condizioni-generali\/","url":"https:\/\/www.imgenesi.com\/de\/condizioni-generali\/","name":"Allgemeine Gesch\u00e4ftsbedingungen (AGB) - IM*Genesi","isPartOf":{"@id":"https:\/\/www.imgenesi.com\/#website"},"datePublished":"2023-07-31T13:11:54+00:00","dateModified":"2023-07-31T14:43:10+00:00","breadcrumb":{"@id":"https:\/\/www.imgenesi.com\/de\/condizioni-generali\/#breadcrumb"},"inLanguage":"de","potentialAction":[{"@type":"ReadAction","target":["https:\/\/www.imgenesi.com\/de\/condizioni-generali\/"]}]},{"@type":"BreadcrumbList","@id":"https:\/\/www.imgenesi.com\/de\/condizioni-generali\/#breadcrumb","itemListElement":[{"@type":"ListItem","position":1,"name":"Home","item":"https:\/\/www.imgenesi.com\/de\/"},{"@type":"ListItem","position":2,"name":"Allgemeine Gesch\u00e4ftsbedingungen (AGB)"}]},{"@type":"WebSite","@id":"https:\/\/www.imgenesi.com\/#website","url":"https:\/\/www.imgenesi.com\/","name":"IM*GENESI","description":"","potentialAction":[{"@type":"SearchAction","target":{"@type":"EntryPoint","urlTemplate":"https:\/\/www.imgenesi.com\/?s={search_term_string}"},"query-input":{"@type":"PropertyValueSpecification","valueRequired":true,"valueName":"search_term_string"}}],"inLanguage":"de"}]}},"_links":{"self":[{"href":"https:\/\/www.imgenesi.com\/de\/wp-json\/wp\/v2\/pages\/178","targetHints":{"allow":["GET"]}}],"collection":[{"href":"https:\/\/www.imgenesi.com\/de\/wp-json\/wp\/v2\/pages"}],"about":[{"href":"https:\/\/www.imgenesi.com\/de\/wp-json\/wp\/v2\/types\/page"}],"author":[{"embeddable":true,"href":"https:\/\/www.imgenesi.com\/de\/wp-json\/wp\/v2\/users\/1"}],"replies":[{"embeddable":true,"href":"https:\/\/www.imgenesi.com\/de\/wp-json\/wp\/v2\/comments?post=178"}],"version-history":[{"count":2,"href":"https:\/\/www.imgenesi.com\/de\/wp-json\/wp\/v2\/pages\/178\/revisions"}],"predecessor-version":[{"id":190,"href":"https:\/\/www.imgenesi.com\/de\/wp-json\/wp\/v2\/pages\/178\/revisions\/190"}],"wp:attachment":[{"href":"https:\/\/www.imgenesi.com\/de\/wp-json\/wp\/v2\/media?parent=178"}],"curies":[{"name":"wp","href":"https:\/\/api.w.org\/{rel}","templated":true}]}}